{"id":19,"date":"2020-03-07T19:27:45","date_gmt":"2020-03-07T22:27:45","guid":{"rendered":"http:\/\/phd.eng.br\/bookstore\/?post_type=product&#038;p=19"},"modified":"2025-08-20T09:08:23","modified_gmt":"2025-08-20T12:08:23","slug":"manual-para-reparo-reforco-e-protecao-de-estruturas-de-concreto","status":"publish","type":"product","link":"https:\/\/phd.eng.br\/bookstore\/produto\/manual-para-reparo-reforco-e-protecao-de-estruturas-de-concreto\/","title":{"rendered":"Manual para Reparo, Refor\u00e7o e Prote\u00e7\u00e3o de Estruturas de Concreto (PDF)"},"content":{"rendered":"<p>Autor: Paulo Helene.<\/p>\n<p><strong>Vers\u00e3o PDF<\/strong><\/p>\n<p><a href=\"mailto:tatiana.souza@concretophd.com.br\" target=\"_blank\" rel=\"noopener noreferrer\"><button>Encomendar<\/button><\/a><\/p>\n<p>&nbsp;<\/p>\n<p><span style=\"color: #333333\">Consultor: Maur\u00edcio Gerschenstein<\/span><br \/>\n<span style=\"color: #333333\">Coordena\u00e7\u00e3o: Paulo S\u00e9rgio F. Oliveira, Fernando A. P. Guimar\u00e3es, S\u00e9rgio Guerra<\/span><\/p>\n<p style=\"text-align: justify\">Com o objetivo de apresentar ao meio t\u00e9cnico nacional uma literatura espec\u00edfica para os profissionais envolvidos com o reparo, refor\u00e7o e prote\u00e7\u00e3o de estruturas de concreto, a Fosroc teve a possibilidade de investir num importante projeto de divulga\u00e7\u00e3o tecnol\u00f3gica, aliando o conhecimento t\u00e9cnico e te\u00f3rico do Prof. Paulo Helene \u00e0 tecnologia de materiais da Fosroc. Como resultado desta uni\u00e3o surgiu este Manual para Reparo, Refor\u00e7o e Prote\u00e7\u00e3o de Estruturas de Concreto.\u00a0Inicialmente s\u00e3o apresentados os conceitos b\u00e1sicos da patologia e terapia das constru\u00e7\u00f5es de concreto. O cap\u00edtulo 2 faz uma descri\u00e7\u00e3o geral da natureza dos materiais utilizados e apresenta um quadro com os principais produtos dispon\u00edveis no mercado. A seguir, apresenta uma orienta\u00e7\u00e3o para o diagn\u00f3stico e as alternativas para a corre\u00e7\u00e3o. O cap\u00edtulo 4 apresenta ainda os procedimentos mais adequados para o preparo e limpeza do substrato. A metodologia para o reparo e refor\u00e7o das estruturas est\u00e1 detalhada no cap\u00edtulo 5. Finalmente abordam-se os procedimentos e materiais dispon\u00edveis para a prote\u00e7\u00e3o das estruturas de concreto.\u00a0Esta 2\u00aa edi\u00e7\u00e3o do manual, revisada, ampliada e atualizada torna este livro uma obra de consulta obrigat\u00f3ria aos profissionais envolvidos com esta fascinante \u00e1rea da engenharia.<\/p>\n<p style=\"text-align: justify\">ISBN 85-7266-010-0. Portugu\u00eas. p.216.\u00a0Dimens\u00f5es: 16cm x 23cm. PINI. 1992<\/p>\n","protected":false},"excerpt":{"rendered":"<p>Autor: Paulo Helene. Vers\u00e3o PDF Encomendar &nbsp; Consultor: Maur\u00edcio Gerschenstein Coordena\u00e7\u00e3o: Paulo S\u00e9rgio F. Oliveira, Fernando A. P. Guimar\u00e3es, S\u00e9rgio Guerra Com o objetivo de apresentar ao meio t\u00e9cnico nacional uma literatura espec\u00edfica para os profissionais envolvidos com o reparo, refor\u00e7o e prote\u00e7\u00e3o de estruturas de concreto, a Fosroc teve a possibilidade de investir num [&hellip;]<\/p>\n","protected":false},"featured_media":394,"comment_status":"open","ping_status":"closed","template":"","meta":[],"product_brand":[],"product_cat":[16],"product_tag":[],"class_list":{"0":"post-19","1":"product","2":"type-product","3":"status-publish","4":"has-post-thumbnail","6":"product_cat-pdf","8":"first","9":"instock","10":"downloadable","11":"taxable","12":"shipping-taxable","13":"purchasable","14":"product-type-simple"},"jetpack_sharing_enabled":true,"_links":{"self":[{"href":"https:\/\/phd.eng.br\/bookstore\/wp-json\/wp\/v2\/product\/19","targetHints":{"allow":["GET"]}}],"collection":[{"href":"https:\/\/phd.eng.br\/bookstore\/wp-json\/wp\/v2\/product"}],"about":[{"href":"https:\/\/phd.eng.br\/bookstore\/wp-json\/wp\/v2\/types\/product"}],"replies":[{"embeddable":true,"href":"https:\/\/phd.eng.br\/bookstore\/wp-json\/wp\/v2\/comments?post=19"}],"wp:featuredmedia":[{"embeddable":true,"href":"https:\/\/phd.eng.br\/bookstore\/wp-json\/wp\/v2\/media\/394"}],"wp:attachment":[{"href":"https:\/\/phd.eng.br\/bookstore\/wp-json\/wp\/v2\/media?parent=19"}],"wp:term":[{"taxonomy":"product_brand","embeddable":true,"href":"https:\/\/phd.eng.br\/bookstore\/wp-json\/wp\/v2\/product_brand?post=19"},{"taxonomy":"product_cat","embeddable":true,"href":"https:\/\/phd.eng.br\/bookstore\/wp-json\/wp\/v2\/product_cat?post=19"},{"taxonomy":"product_tag","embeddable":true,"href":"https:\/\/phd.eng.br\/bookstore\/wp-json\/wp\/v2\/product_tag?post=19"}],"curies":[{"name":"wp","href":"https:\/\/api.w.org\/{rel}","templated":true}]}}