{"id":22,"date":"2020-03-08T10:28:06","date_gmt":"2020-03-08T13:28:06","guid":{"rendered":"https:\/\/phd.eng.br\/bookstore\/?post_type=product&#038;p=22"},"modified":"2022-06-14T10:32:41","modified_gmt":"2022-06-14T13:32:41","slug":"manual-de-reparo-protecao-e-reforco-de-estruturas-de-concreto","status":"publish","type":"product","link":"https:\/\/phd.eng.br\/bookstore\/produto\/manual-de-reparo-protecao-e-reforco-de-estruturas-de-concreto\/","title":{"rendered":"Manual de Reparo, Prote\u00e7\u00e3o e Refor\u00e7o de Estruturas de Concreto (PDF)"},"content":{"rendered":"<p style=\"text-align: justify\">Tradu\u00e7\u00e3o: Eng\u00ba Osvando Braga Junior<\/p>\n<p><a href=\"mailto:tatiana.souza@concretophd.com.br\" target=\"_blank\" rel=\"noopener noreferrer\"><button>Encomendar<\/button><\/a><\/p>\n<p>&nbsp;<\/p>\n<p style=\"text-align: justify\">O trabalho apresentado neste Manual \u00e9 o resultado da contribui\u00e7\u00e3o volunt\u00e1ria dos maiores especialistas Ibero-Americanos em recupera\u00e7\u00e3o de estruturas de concreto. Reunidos sob os ausp\u00edcios do renomado CYTED, Programa Ibero-Americano de Ci\u00eancia e Tecnologia para o Desenvolvimento idealizado e dirigido pela Espanha desde fins da d\u00e9cada de 80, com apoio das CONCYTs de todos os pa\u00edses Ibero-Americanos.\u00a0Especialmente, neste caso a Rede Rehabilitar &#8211; Recupera\u00e7\u00e3o de Estruturas de Concreto, Reparo, Refor\u00e7o e Prote\u00e7\u00e3o conta com importante suporte financeiro do Consejo Superior de Investigaci\u00f3n Cient\u00edfica CSIC da Espanha e do Conselho Nacional de Desenvolvimento Cient\u00edfico e Tecnol\u00f3gico, CNPq, do Brasil.\u00a0A Rede Rehabilitar \u00e9 parte do SubPrograma XV Corros\u00e3o e Impacto Ambiental sobre os Materiais, e comp\u00f5e-se de 13 delegados representantes da Argentina, Bol\u00edvia, Brasil, Chile, Col\u00f4mbia, Cuba, Espanha, M\u00e9xico, Paraguai, Peru, Portugal, Uruguai e Venezuela. Al\u00e9m destes respons\u00e1veis diretos pela reda\u00e7\u00e3o deste Manual, v\u00e1rios outros especialistas, mais de 50, contribu\u00edram com sua experi\u00eancia e conhecimento atrav\u00e9s da participa\u00e7\u00e3o nas chamadas Redes Rehabilitar Nacionais (locais), que congregam os especialistas de cada pa\u00eds com a inten\u00e7\u00e3o de difundir este trabalho e aprimor\u00e1-lo.\u00a0Este Manual, produto do trabalho desse grupo, conseguiu alcan\u00e7ar o objetivo principal desta Rede Rehabilitar, que \u00e9 o de transformar o conhecimento existente e disperso sobre materiais e t\u00e9cnicas de interven\u00e7\u00e3o em estruturas de concreto para corre\u00e7\u00e3o de problemas patol\u00f3gicos em um Manual pr\u00e1tico e objetivo que possa ser utilizado pelo meio t\u00e9cnico de forma geral e irrestrita.\u00a0Neste Manual, o profissional da \u00e1rea pode encontrar a maioria das respostas a suas perguntas sobre que a\u00e7\u00f5es considerar nos trabalhos de recupera\u00e7\u00e3o, como elaborar um primeiro diagn\u00f3stico dos problemas, o que analisar para escolher a melhor solu\u00e7\u00e3o, quais os materiais e sistemas de recupera\u00e7\u00e3o, como proceder para o preparo e limpeza do substrato, quais s\u00e3o os procedimentos corretos de reparo em geral, de prote\u00e7\u00e3o e de armaduras e de refor\u00e7o estrutural; como contratar os trabalhos, como implantar um sistema de controle de qualidade e crit\u00e9rios de recep\u00e7\u00e3o.\u00a0Finaliza apresentando um gloss\u00e1rio de termos t\u00e9cnicos e uma rela\u00e7\u00e3o completa de publica\u00e7\u00f5es relacionadas ao assunto, para facilitar a vida acad\u00eamica e profissional dos engenheiros que desejam aprofundar seus conhecimentos.<\/p>\n<p style=\"text-align: justify\">ISBN 85-903707-2-0. Portugu\u00eas. p. 718.\u00a0Dimens\u00f5es: 16cm x 23cm. CYTED. 2005<\/p>\n","protected":false},"excerpt":{"rendered":"<p>Tradu\u00e7\u00e3o: Eng\u00ba Osvando Braga Junior Encomendar &nbsp; O trabalho apresentado neste Manual \u00e9 o resultado da contribui\u00e7\u00e3o volunt\u00e1ria dos maiores especialistas Ibero-Americanos em recupera\u00e7\u00e3o de estruturas de concreto. Reunidos sob os ausp\u00edcios do renomado CYTED, Programa Ibero-Americano de Ci\u00eancia e Tecnologia para o Desenvolvimento idealizado e dirigido pela Espanha desde fins da d\u00e9cada de 80, [&hellip;]<\/p>\n","protected":false},"featured_media":391,"comment_status":"open","ping_status":"closed","template":"","meta":[],"product_brand":[],"product_cat":[16],"product_tag":[],"class_list":{"0":"post-22","1":"product","2":"type-product","3":"status-publish","4":"has-post-thumbnail","6":"product_cat-pdf","8":"first","9":"instock","10":"downloadable","11":"taxable","12":"shipping-taxable","13":"purchasable","14":"product-type-simple"},"jetpack_sharing_enabled":true,"_links":{"self":[{"href":"https:\/\/phd.eng.br\/bookstore\/wp-json\/wp\/v2\/product\/22","targetHints":{"allow":["GET"]}}],"collection":[{"href":"https:\/\/phd.eng.br\/bookstore\/wp-json\/wp\/v2\/product"}],"about":[{"href":"https:\/\/phd.eng.br\/bookstore\/wp-json\/wp\/v2\/types\/product"}],"replies":[{"embeddable":true,"href":"https:\/\/phd.eng.br\/bookstore\/wp-json\/wp\/v2\/comments?post=22"}],"wp:featuredmedia":[{"embeddable":true,"href":"https:\/\/phd.eng.br\/bookstore\/wp-json\/wp\/v2\/media\/391"}],"wp:attachment":[{"href":"https:\/\/phd.eng.br\/bookstore\/wp-json\/wp\/v2\/media?parent=22"}],"wp:term":[{"taxonomy":"product_brand","embeddable":true,"href":"https:\/\/phd.eng.br\/bookstore\/wp-json\/wp\/v2\/product_brand?post=22"},{"taxonomy":"product_cat","embeddable":true,"href":"https:\/\/phd.eng.br\/bookstore\/wp-json\/wp\/v2\/product_cat?post=22"},{"taxonomy":"product_tag","embeddable":true,"href":"https:\/\/phd.eng.br\/bookstore\/wp-json\/wp\/v2\/product_tag?post=22"}],"curies":[{"name":"wp","href":"https:\/\/api.w.org\/{rel}","templated":true}]}}