{"id":28,"date":"2020-03-08T10:42:42","date_gmt":"2020-03-08T13:42:42","guid":{"rendered":"https:\/\/phd.eng.br\/bookstore\/?post_type=product&#038;p=28"},"modified":"2022-06-14T10:31:46","modified_gmt":"2022-06-14T13:31:46","slug":"manual-para-diagnostico-de-obras-deterioradas-por-corrosao-de-armaduras","status":"publish","type":"product","link":"https:\/\/phd.eng.br\/bookstore\/produto\/manual-para-diagnostico-de-obras-deterioradas-por-corrosao-de-armaduras\/","title":{"rendered":"Manual para Diagn\u00f3stico de Obras Deterioradas por Corros\u00e3o de Armaduras (PDF)"},"content":{"rendered":"<p style=\"text-align: justify\">Autor: Carmen Andrade. Tradu\u00e7\u00e3o e adapta\u00e7\u00e3o Ant\u00f4nio Carmona e Paulo Helene.<\/p>\n<p><strong>Vers\u00e3o em PDF<\/strong><\/p>\n<p><strong>Vers\u00e3o f\u00edsica<\/strong><\/p>\n<p><a href=\"mailto:tatiana.souza@concretophd.com.br\" target=\"_blank\" rel=\"noopener noreferrer\"><button>Encomendar<\/button><\/a><\/p>\n<p>&nbsp;<\/p>\n<p style=\"text-align: justify\">O Manual para Diagn\u00f3stico de Obras Deterioradas por Corros\u00e3o de Armaduras, de autoria da Dra. Carmen Andrade, uma das maiores especialistas mundiais sobre o tema, \u00e9 dirigido aos t\u00e9cnicos e especialistas da \u00e1rea que t\u00eam a responsabilidade de emitir pareceres e elaborar relat\u00f3rios de diagn\u00f3sticos de estruturas de concreto armado, com problemas de corros\u00e3o de armaduras.\u00a0Trata-se de obra \u00edmpar que aborda os aspectos e os recursos atuais de observa\u00e7\u00e3o e an\u00e1lise de estruturas de concreto armado. Apresenta a metodologia e os crit\u00e9rios de julgamento da situa\u00e7\u00e3o da corros\u00e3o com base em ensaios eletroqu\u00edmicos, resistividade el\u00e9trica, carbonata\u00e7\u00e3o e outros, de f\u00e1cil execu\u00e7\u00e3o em campo ou laborat\u00f3rio.\u00a0Prop\u00f5e um roteiro para apresenta\u00e7\u00e3o do parecer com indica\u00e7\u00f5es dos pontos relevantes e um modelo de avalia\u00e7\u00e3o da vida \u00fatil residual. No final, traz ainda recomenda\u00e7\u00f5es essenciais \u00e0 recupera\u00e7\u00e3o e prote\u00e7\u00e3o da estrutura.<\/p>\n<p>ISBN 85-7266-011-9. Portugu\u00eas. p. 104. Dimens\u00f5es: 16 cm x 23 cm. PINI. 1992<\/p>\n<p>&nbsp;<\/p>\n","protected":false},"excerpt":{"rendered":"<p>Autor: Carmen Andrade. Tradu\u00e7\u00e3o e adapta\u00e7\u00e3o Ant\u00f4nio Carmona e Paulo Helene. Vers\u00e3o em PDF Vers\u00e3o f\u00edsica Encomendar &nbsp; O Manual para Diagn\u00f3stico de Obras Deterioradas por Corros\u00e3o de Armaduras, de autoria da Dra. Carmen Andrade, uma das maiores especialistas mundiais sobre o tema, \u00e9 dirigido aos t\u00e9cnicos e especialistas da \u00e1rea que t\u00eam a responsabilidade [&hellip;]<\/p>\n","protected":false},"featured_media":392,"comment_status":"open","ping_status":"closed","template":"","meta":[],"product_brand":[],"product_cat":[16],"product_tag":[],"class_list":{"0":"post-28","1":"product","2":"type-product","3":"status-publish","4":"has-post-thumbnail","6":"product_cat-pdf","8":"first","9":"instock","10":"downloadable","11":"taxable","12":"shipping-taxable","13":"purchasable","14":"product-type-simple"},"jetpack_sharing_enabled":true,"_links":{"self":[{"href":"https:\/\/phd.eng.br\/bookstore\/wp-json\/wp\/v2\/product\/28","targetHints":{"allow":["GET"]}}],"collection":[{"href":"https:\/\/phd.eng.br\/bookstore\/wp-json\/wp\/v2\/product"}],"about":[{"href":"https:\/\/phd.eng.br\/bookstore\/wp-json\/wp\/v2\/types\/product"}],"replies":[{"embeddable":true,"href":"https:\/\/phd.eng.br\/bookstore\/wp-json\/wp\/v2\/comments?post=28"}],"wp:featuredmedia":[{"embeddable":true,"href":"https:\/\/phd.eng.br\/bookstore\/wp-json\/wp\/v2\/media\/392"}],"wp:attachment":[{"href":"https:\/\/phd.eng.br\/bookstore\/wp-json\/wp\/v2\/media?parent=28"}],"wp:term":[{"taxonomy":"product_brand","embeddable":true,"href":"https:\/\/phd.eng.br\/bookstore\/wp-json\/wp\/v2\/product_brand?post=28"},{"taxonomy":"product_cat","embeddable":true,"href":"https:\/\/phd.eng.br\/bookstore\/wp-json\/wp\/v2\/product_cat?post=28"},{"taxonomy":"product_tag","embeddable":true,"href":"https:\/\/phd.eng.br\/bookstore\/wp-json\/wp\/v2\/product_tag?post=28"}],"curies":[{"name":"wp","href":"https:\/\/api.w.org\/{rel}","templated":true}]}}