{"id":31,"date":"2020-03-08T10:46:45","date_gmt":"2020-03-08T13:46:45","guid":{"rendered":"https:\/\/phd.eng.br\/bookstore\/?post_type=product&#038;p=31"},"modified":"2022-06-14T10:31:19","modified_gmt":"2022-06-14T13:31:19","slug":"manual-de-dosagem-e-controle-do-concreto","status":"publish","type":"product","link":"https:\/\/phd.eng.br\/bookstore\/produto\/manual-de-dosagem-e-controle-do-concreto\/","title":{"rendered":"Manual de Dosagem e Controle do Concreto (PDF)"},"content":{"rendered":"<p style=\"text-align: justify\">Autores: Paulo Helene e Paulo Terzian<\/p>\n<p><a href=\"mailto:tatiana.souza@concretophd.com.br\" target=\"_blank\" rel=\"noopener noreferrer\"><button>Encomendar<\/button><\/a><\/p>\n<p>&nbsp;<\/p>\n<p style=\"text-align: justify\">Nesta obra s\u00e3o apresentados inicialmente os conceitos b\u00e1sicos de controle e dosagem dos concretos de cimento Portland.\u00a0Em seguida \u00e9 feita uma detalhada revis\u00e3o hist\u00f3rica da evolu\u00e7\u00e3o da considera\u00e7\u00e3o da dosagem dos concretos nas normas nacionais e estrangeiras.\u00a0No cap\u00edtulo referente \u00e0 resist\u00eancia de dosagem e controle, s\u00e3o apresentados resultados surpreendentes da influ\u00eancia da varia\u00e7\u00e3o da resist\u00eancia do cimento na variedade da resist\u00eancia dos concretos.\u00a0Finalmente, o m\u00e9todo de dosagem e o sistema de controle da qualidade apresentados em detalhes neste trabalho t\u00eam sido empregados em in\u00fameras obras nacionais, proporcionando \u00e0s empresas que os adotaram significativas economias e melhorias da qualidade das estruturas de concreto.<\/p>\n<p style=\"text-align: justify\">ISBN: 85-7266-007-0. Portugu\u00eas. p. 349.\u00a0Dimens\u00f5es: 16cm x 23cm. PINI. 1992<\/p>\n","protected":false},"excerpt":{"rendered":"<p>Autores: Paulo Helene e Paulo Terzian Encomendar &nbsp; Nesta obra s\u00e3o apresentados inicialmente os conceitos b\u00e1sicos de controle e dosagem dos concretos de cimento Portland.\u00a0Em seguida \u00e9 feita uma detalhada revis\u00e3o hist\u00f3rica da evolu\u00e7\u00e3o da considera\u00e7\u00e3o da dosagem dos concretos nas normas nacionais e estrangeiras.\u00a0No cap\u00edtulo referente \u00e0 resist\u00eancia de dosagem e controle, s\u00e3o apresentados [&hellip;]<\/p>\n","protected":false},"featured_media":390,"comment_status":"open","ping_status":"closed","template":"","meta":[],"product_brand":[],"product_cat":[16],"product_tag":[],"class_list":{"0":"post-31","1":"product","2":"type-product","3":"status-publish","4":"has-post-thumbnail","6":"product_cat-pdf","8":"first","9":"instock","10":"downloadable","11":"taxable","12":"shipping-taxable","13":"purchasable","14":"product-type-simple"},"jetpack_sharing_enabled":true,"_links":{"self":[{"href":"https:\/\/phd.eng.br\/bookstore\/wp-json\/wp\/v2\/product\/31","targetHints":{"allow":["GET"]}}],"collection":[{"href":"https:\/\/phd.eng.br\/bookstore\/wp-json\/wp\/v2\/product"}],"about":[{"href":"https:\/\/phd.eng.br\/bookstore\/wp-json\/wp\/v2\/types\/product"}],"replies":[{"embeddable":true,"href":"https:\/\/phd.eng.br\/bookstore\/wp-json\/wp\/v2\/comments?post=31"}],"wp:featuredmedia":[{"embeddable":true,"href":"https:\/\/phd.eng.br\/bookstore\/wp-json\/wp\/v2\/media\/390"}],"wp:attachment":[{"href":"https:\/\/phd.eng.br\/bookstore\/wp-json\/wp\/v2\/media?parent=31"}],"wp:term":[{"taxonomy":"product_brand","embeddable":true,"href":"https:\/\/phd.eng.br\/bookstore\/wp-json\/wp\/v2\/product_brand?post=31"},{"taxonomy":"product_cat","embeddable":true,"href":"https:\/\/phd.eng.br\/bookstore\/wp-json\/wp\/v2\/product_cat?post=31"},{"taxonomy":"product_tag","embeddable":true,"href":"https:\/\/phd.eng.br\/bookstore\/wp-json\/wp\/v2\/product_tag?post=31"}],"curies":[{"name":"wp","href":"https:\/\/api.w.org\/{rel}","templated":true}]}}