{"id":34,"date":"2020-03-08T10:51:04","date_gmt":"2020-03-08T13:51:04","guid":{"rendered":"https:\/\/phd.eng.br\/bookstore\/?post_type=product&#038;p=34"},"modified":"2022-06-14T10:30:51","modified_gmt":"2022-06-14T13:30:51","slug":"corrosao-em-armaduras-para-concreto-armado","status":"publish","type":"product","link":"https:\/\/phd.eng.br\/bookstore\/produto\/corrosao-em-armaduras-para-concreto-armado\/","title":{"rendered":"Corros\u00e3o em armaduras para concreto armado (PDF)"},"content":{"rendered":"<p>Autor: Paulo Helene<\/p>\n<p><strong>Vers\u00e3o em PDF<\/strong><\/p>\n<p><a href=\"mailto:tatiana.souza@concretophd.com.br\" target=\"_blank\" rel=\"noopener noreferrer\"><button>Encomendar<\/button><\/a><\/p>\n<p>&nbsp;<\/p>\n<p>Esta monografia enfoca a maioria dos aspectos relacionados com o problema de corros\u00e3o de armaduras nas estruturas de concreto armado. Rev\u00ea os mecanismos de corros\u00e3o do a\u00e7o em presen\u00e7a\u00a0 de umidade, descrevendo o papel do cobrimento de concreto como barreira protetora e passivadora da armadura contra a corros\u00e3o. A seguir, descreve as maneiras como essa prote\u00e7\u00e3o pode ser quebrada e quais as caracter\u00edsticas principais dos concretos para evitar os riscos de perda dessa prote\u00e7\u00e3o.\u00a0Aponta algumas t\u00e9cnicas executivas que devem ser obedecidas para previnir e reduzir os riscos de corros\u00e3o, fornecendo um extenso quadro, no qual est\u00e1 recomendado o cobrimento ideal para cada tipo de componente estrutural e meio ambiente onde est\u00e1 inserido. No final, apresenta as t\u00e9cnicas usuais de recupera\u00e7\u00e3o de estruturas com problemas de corros\u00e3o de armaduras.<\/p>\n<p>ISBN 85-09-00004-2. Portugu\u00eas. p.46.\u00a0Dimens\u00f5es: 8cm x 25cm. PINI. 1986<\/p>\n","protected":false},"excerpt":{"rendered":"<p>Autor: Paulo Helene Vers\u00e3o em PDF Encomendar &nbsp; Esta monografia enfoca a maioria dos aspectos relacionados com o problema de corros\u00e3o de armaduras nas estruturas de concreto armado. Rev\u00ea os mecanismos de corros\u00e3o do a\u00e7o em presen\u00e7a\u00a0 de umidade, descrevendo o papel do cobrimento de concreto como barreira protetora e passivadora da armadura contra a [&hellip;]<\/p>\n","protected":false},"featured_media":389,"comment_status":"open","ping_status":"closed","template":"","meta":[],"product_brand":[],"product_cat":[16],"product_tag":[],"class_list":{"0":"post-34","1":"product","2":"type-product","3":"status-publish","4":"has-post-thumbnail","6":"product_cat-pdf","8":"first","9":"instock","10":"downloadable","11":"taxable","12":"shipping-taxable","13":"purchasable","14":"product-type-simple"},"jetpack_sharing_enabled":true,"_links":{"self":[{"href":"https:\/\/phd.eng.br\/bookstore\/wp-json\/wp\/v2\/product\/34","targetHints":{"allow":["GET"]}}],"collection":[{"href":"https:\/\/phd.eng.br\/bookstore\/wp-json\/wp\/v2\/product"}],"about":[{"href":"https:\/\/phd.eng.br\/bookstore\/wp-json\/wp\/v2\/types\/product"}],"replies":[{"embeddable":true,"href":"https:\/\/phd.eng.br\/bookstore\/wp-json\/wp\/v2\/comments?post=34"}],"wp:featuredmedia":[{"embeddable":true,"href":"https:\/\/phd.eng.br\/bookstore\/wp-json\/wp\/v2\/media\/389"}],"wp:attachment":[{"href":"https:\/\/phd.eng.br\/bookstore\/wp-json\/wp\/v2\/media?parent=34"}],"wp:term":[{"taxonomy":"product_brand","embeddable":true,"href":"https:\/\/phd.eng.br\/bookstore\/wp-json\/wp\/v2\/product_brand?post=34"},{"taxonomy":"product_cat","embeddable":true,"href":"https:\/\/phd.eng.br\/bookstore\/wp-json\/wp\/v2\/product_cat?post=34"},{"taxonomy":"product_tag","embeddable":true,"href":"https:\/\/phd.eng.br\/bookstore\/wp-json\/wp\/v2\/product_tag?post=34"}],"curies":[{"name":"wp","href":"https:\/\/api.w.org\/{rel}","templated":true}]}}