{"id":367,"date":"2020-11-14T14:47:14","date_gmt":"2020-11-14T17:47:14","guid":{"rendered":"https:\/\/phd.eng.br\/bookstore\/?post_type=product&#038;p=367"},"modified":"2022-06-14T10:28:57","modified_gmt":"2022-06-14T13:28:57","slug":"no-prumo","status":"publish","type":"product","link":"https:\/\/phd.eng.br\/bookstore\/produto\/no-prumo\/","title":{"rendered":"No Prumo"},"content":{"rendered":"<p>Autores:\u00a0<em>Paulo Helene &amp; Guilherme Arag\u00e3o<br \/>\nColaboradora: J\u00e9ssika Pacheco<br \/>\n<\/em><\/p>\n<p><strong>\u00a0R$68,00<\/strong><\/p>\n<p><strong>Vers\u00e3o f\u00edsica<\/strong><\/p>\n<p><a href=\"mailto:tatiana.souza@concretophd.com.br\"><button>Encomendar<\/button><\/a><\/p>\n<p>A hist\u00f3ria do Brasil est\u00e1 escrita tamb\u00e9m nas constru\u00e7\u00f5es coloniais e nos arranha-c\u00e9us de concreto. Estas obras foram e t\u00eam sido erguidas por gera\u00e7\u00f5es de mestres em Engenharia e Arquitetura. O livro No Prumo oferece ao leitor uma narrativa com os cen\u00e1rios e personagens mais importantes dessa hist\u00f3ria. Apresenta, com criatividade e ilustra\u00e7\u00f5es, os m\u00e9todos desenvolvidos e assimilados por gera\u00e7\u00f5es de construtores de grandes e pequenas obras, todas na dire\u00e7\u00e3o da melhoria da qualidade de vida e prote\u00e7\u00e3o do homem. Dos saberes e conceitos mais tradicionais \u00e0 tecnologia mais avan\u00e7ada, o livro contempla o conhecimento transformado em engenho e arte, que fizeram do concreto o mais importante e utilizado material de constru\u00e7\u00e3o da atualidade.<\/p>\n<p>&nbsp;<\/p>\n<p>1\u00aaEd. ISBN: 978-85-65235-12-9. p.170. Dimens\u00f5es 27 x 29cm. 2017.<\/p>\n","protected":false},"excerpt":{"rendered":"<p>Autores:\u00a0Paulo Helene &amp; Guilherme Arag\u00e3o Colaboradora: J\u00e9ssika Pacheco \u00a0R$68,00 Vers\u00e3o f\u00edsica Encomendar A hist\u00f3ria do Brasil est\u00e1 escrita tamb\u00e9m nas constru\u00e7\u00f5es coloniais e nos arranha-c\u00e9us de concreto. Estas obras foram e t\u00eam sido erguidas por gera\u00e7\u00f5es de mestres em Engenharia e Arquitetura. O livro No Prumo oferece ao leitor uma narrativa com os cen\u00e1rios e [&hellip;]<\/p>\n","protected":false},"featured_media":409,"comment_status":"open","ping_status":"closed","template":"","meta":[],"product_brand":[],"product_cat":[19],"product_tag":[],"class_list":{"0":"post-367","1":"product","2":"type-product","3":"status-publish","4":"has-post-thumbnail","6":"product_cat-livro","8":"first","9":"instock","10":"taxable","11":"shipping-taxable","12":"product-type-simple"},"jetpack_sharing_enabled":true,"_links":{"self":[{"href":"https:\/\/phd.eng.br\/bookstore\/wp-json\/wp\/v2\/product\/367","targetHints":{"allow":["GET"]}}],"collection":[{"href":"https:\/\/phd.eng.br\/bookstore\/wp-json\/wp\/v2\/product"}],"about":[{"href":"https:\/\/phd.eng.br\/bookstore\/wp-json\/wp\/v2\/types\/product"}],"replies":[{"embeddable":true,"href":"https:\/\/phd.eng.br\/bookstore\/wp-json\/wp\/v2\/comments?post=367"}],"wp:featuredmedia":[{"embeddable":true,"href":"https:\/\/phd.eng.br\/bookstore\/wp-json\/wp\/v2\/media\/409"}],"wp:attachment":[{"href":"https:\/\/phd.eng.br\/bookstore\/wp-json\/wp\/v2\/media?parent=367"}],"wp:term":[{"taxonomy":"product_brand","embeddable":true,"href":"https:\/\/phd.eng.br\/bookstore\/wp-json\/wp\/v2\/product_brand?post=367"},{"taxonomy":"product_cat","embeddable":true,"href":"https:\/\/phd.eng.br\/bookstore\/wp-json\/wp\/v2\/product_cat?post=367"},{"taxonomy":"product_tag","embeddable":true,"href":"https:\/\/phd.eng.br\/bookstore\/wp-json\/wp\/v2\/product_tag?post=367"}],"curies":[{"name":"wp","href":"https:\/\/api.w.org\/{rel}","templated":true}]}}