{"id":377,"date":"2014-11-17T15:06:17","date_gmt":"2014-11-17T17:06:17","guid":{"rendered":"https:\/\/phd.eng.br\/bookstore\/?post_type=product&#038;p=377"},"modified":"2022-06-14T10:33:32","modified_gmt":"2022-06-14T13:33:32","slug":"concreto-microestrutura-propriedades-e-materiais-2a-edicao","status":"publish","type":"product","link":"https:\/\/phd.eng.br\/bookstore\/produto\/concreto-microestrutura-propriedades-e-materiais-2a-edicao\/","title":{"rendered":"CONCRETO: Microestrutura, Propriedades e Materiais \u2013 2\u00aa Edi\u00e7\u00e3o"},"content":{"rendered":"<p>Autor: P. Kumar Mehta e Paulo Monteiro.<\/p>\n<p><strong>R$350,00<\/strong><\/p>\n<p><a href=\"mailto:tatiana.souza@concretophd.com.br\" target=\"_blank\" rel=\"noopener noreferrer\"><button>Encomendar<\/button><\/a><\/p>\n<p>A Quarta edi\u00e7\u00e3o do livro \u201cConcreto: Microestrutura, Propriedades e Materiais\u201d foi amplamente revisada para trazer os \u00faltimos avan\u00e7os na tecnologia do concreto e proporciona em profundidade, detalhes cient\u00edficos sobre o concreto \u2013 o material estrutural mais amplamente utilizado. Este livro discute intensamente a microestrutura e as propriedades do concreto endurecido; seus materiais constituintes; produ\u00e7\u00e3o do concreto e avan\u00e7os recentes na sua tecnologia, incluindo ensaios mec\u00e2nicos e n\u00e3o destrutivos.<\/p>\n<p>ISBN\u00a0978-85-98576-21-3. Portugu\u00eas. p. 751. Dimens\u00f5es: 19cm x 24cm. \u00a0IBRACON. 2014.<\/p>\n","protected":false},"excerpt":{"rendered":"<p>Autor: P. Kumar Mehta e Paulo Monteiro. R$350,00 Encomendar A Quarta edi\u00e7\u00e3o do livro \u201cConcreto: Microestrutura, Propriedades e Materiais\u201d foi amplamente revisada para trazer os \u00faltimos avan\u00e7os na tecnologia do concreto e proporciona em profundidade, detalhes cient\u00edficos sobre o concreto \u2013 o material estrutural mais amplamente utilizado. Este livro discute intensamente a microestrutura e as [&hellip;]<\/p>\n","protected":false},"featured_media":378,"comment_status":"open","ping_status":"closed","template":"","meta":[],"product_brand":[],"product_cat":[19],"product_tag":[],"class_list":{"0":"post-377","1":"product","2":"type-product","3":"status-publish","4":"has-post-thumbnail","6":"product_cat-livro","8":"first","9":"instock","10":"taxable","11":"shipping-taxable","12":"product-type-simple"},"jetpack_sharing_enabled":true,"_links":{"self":[{"href":"https:\/\/phd.eng.br\/bookstore\/wp-json\/wp\/v2\/product\/377","targetHints":{"allow":["GET"]}}],"collection":[{"href":"https:\/\/phd.eng.br\/bookstore\/wp-json\/wp\/v2\/product"}],"about":[{"href":"https:\/\/phd.eng.br\/bookstore\/wp-json\/wp\/v2\/types\/product"}],"replies":[{"embeddable":true,"href":"https:\/\/phd.eng.br\/bookstore\/wp-json\/wp\/v2\/comments?post=377"}],"wp:featuredmedia":[{"embeddable":true,"href":"https:\/\/phd.eng.br\/bookstore\/wp-json\/wp\/v2\/media\/378"}],"wp:attachment":[{"href":"https:\/\/phd.eng.br\/bookstore\/wp-json\/wp\/v2\/media?parent=377"}],"wp:term":[{"taxonomy":"product_brand","embeddable":true,"href":"https:\/\/phd.eng.br\/bookstore\/wp-json\/wp\/v2\/product_brand?post=377"},{"taxonomy":"product_cat","embeddable":true,"href":"https:\/\/phd.eng.br\/bookstore\/wp-json\/wp\/v2\/product_cat?post=377"},{"taxonomy":"product_tag","embeddable":true,"href":"https:\/\/phd.eng.br\/bookstore\/wp-json\/wp\/v2\/product_tag?post=377"}],"curies":[{"name":"wp","href":"https:\/\/api.w.org\/{rel}","templated":true}]}}