{"id":655,"date":"2023-05-12T11:54:34","date_gmt":"2023-05-12T14:54:34","guid":{"rendered":"https:\/\/phd.eng.br\/bookstore\/?post_type=product&#038;p=655"},"modified":"2023-05-24T09:16:51","modified_gmt":"2023-05-24T12:16:51","slug":"corrosao-e-degradacao-em-estruturas-de-concreto","status":"publish","type":"product","link":"https:\/\/phd.eng.br\/bookstore\/produto\/corrosao-e-degradacao-em-estruturas-de-concreto\/","title":{"rendered":"Corros\u00e3o e Degrada\u00e7\u00e3o em Estruturas de Concreto"},"content":{"rendered":"<p><img loading=\"lazy\" decoding=\"async\" class=\"alignnone size-medium wp-image-644\" src=\"https:\/\/phd.eng.br\/bookstore\/wp-content\/uploads\/2023\/05\/Corrosao-e-degradacao-2-1-212x300.png\" alt=\"\" width=\"212\" height=\"300\" srcset=\"https:\/\/phd.eng.br\/bookstore\/wp-content\/uploads\/2023\/05\/Corrosao-e-degradacao-2-1-212x300.png 212w, https:\/\/phd.eng.br\/bookstore\/wp-content\/uploads\/2023\/05\/Corrosao-e-degradacao-2-1-724x1024.png 724w, https:\/\/phd.eng.br\/bookstore\/wp-content\/uploads\/2023\/05\/Corrosao-e-degradacao-2-1-768x1086.png 768w, https:\/\/phd.eng.br\/bookstore\/wp-content\/uploads\/2023\/05\/Corrosao-e-degradacao-2-1-1087x1536.png 1087w, https:\/\/phd.eng.br\/bookstore\/wp-content\/uploads\/2023\/05\/Corrosao-e-degradacao-2-1-1449x2048.png 1449w, https:\/\/phd.eng.br\/bookstore\/wp-content\/uploads\/2023\/05\/Corrosao-e-degradacao-2-1-1x1.png 1w, https:\/\/phd.eng.br\/bookstore\/wp-content\/uploads\/2023\/05\/Corrosao-e-degradacao-2-1-600x848.png 600w\" sizes=\"auto, (max-width: 212px) 100vw, 212px\" \/><\/p>\n<div class=\"product-left__author\">Autor: Daniel Ver\u00b4\u00e1s (Coordenador), Almir Sales, Bernardo Tutikian, Carlos Alberto S. de Souza, Fernando do C. R. Almeida, Manuel P. T. Cunha, M. Zita Louren\u00e7o, Oswaldo Cascudo, Paulo Helene<br data-rich-text-line-break=\"true\" \/>P\u00e1ginas: 370<br data-rich-text-line-break=\"true\" \/>ISBN: 978-85-352-7487-5<br data-rich-text-line-break=\"true\" \/>Sub-T\u00edtulo: Fundamentos, propriedades e dosagem<br data-rich-text-line-break=\"true\" \/>Publica\u00e7\u00e3o: 2018<br data-rich-text-line-break=\"true\" \/>Encaderna\u00e7\u00e3o: Brochura<br data-rich-text-line-break=\"true\" \/>Edi\u00e7\u00e3o: 2<\/div>\n<div class=\"product-left__author\">R$160,00<\/div>\n<div><\/div>\n<div class=\"product-left__author\"><br data-rich-text-line-break=\"true\" \/>Vers\u00e3o f\u00edsica<\/div>\n<p><a href=\"mailto:tatiana.souza@concretophd.com.br\"><button>Encomendar<\/button><\/a><\/p>\n","protected":false},"excerpt":{"rendered":"<p>Autor: Daniel Ver\u00b4\u00e1s (Coordenador), Almir Sales, Bernardo Tutikian, Carlos Alberto S. de Souza, Fernando do C. R. Almeida, Manuel P. T. Cunha, M. Zita Louren\u00e7o, Oswaldo Cascudo, Paulo HeleneP\u00e1ginas: 370ISBN: 978-85-352-7487-5Sub-T\u00edtulo: Fundamentos, propriedades e dosagemPublica\u00e7\u00e3o: 2018Encaderna\u00e7\u00e3o: BrochuraEdi\u00e7\u00e3o: 2 R$160,00 Vers\u00e3o f\u00edsica Encomendar<\/p>\n","protected":false},"featured_media":643,"comment_status":"open","ping_status":"closed","template":"","meta":[],"product_brand":[],"product_cat":[18],"product_tag":[],"class_list":{"0":"post-655","1":"product","2":"type-product","3":"status-publish","4":"has-post-thumbnail","6":"product_cat-bookstore","8":"first","9":"instock","10":"taxable","11":"shipping-taxable","12":"product-type-simple"},"jetpack_sharing_enabled":true,"_links":{"self":[{"href":"https:\/\/phd.eng.br\/bookstore\/wp-json\/wp\/v2\/product\/655","targetHints":{"allow":["GET"]}}],"collection":[{"href":"https:\/\/phd.eng.br\/bookstore\/wp-json\/wp\/v2\/product"}],"about":[{"href":"https:\/\/phd.eng.br\/bookstore\/wp-json\/wp\/v2\/types\/product"}],"replies":[{"embeddable":true,"href":"https:\/\/phd.eng.br\/bookstore\/wp-json\/wp\/v2\/comments?post=655"}],"wp:featuredmedia":[{"embeddable":true,"href":"https:\/\/phd.eng.br\/bookstore\/wp-json\/wp\/v2\/media\/643"}],"wp:attachment":[{"href":"https:\/\/phd.eng.br\/bookstore\/wp-json\/wp\/v2\/media?parent=655"}],"wp:term":[{"taxonomy":"product_brand","embeddable":true,"href":"https:\/\/phd.eng.br\/bookstore\/wp-json\/wp\/v2\/product_brand?post=655"},{"taxonomy":"product_cat","embeddable":true,"href":"https:\/\/phd.eng.br\/bookstore\/wp-json\/wp\/v2\/product_cat?post=655"},{"taxonomy":"product_tag","embeddable":true,"href":"https:\/\/phd.eng.br\/bookstore\/wp-json\/wp\/v2\/product_tag?post=655"}],"curies":[{"name":"wp","href":"https:\/\/api.w.org\/{rel}","templated":true}]}}